{"id":997,"date":"2025-05-07T11:00:30","date_gmt":"2025-05-07T09:00:30","guid":{"rendered":"https:\/\/avc.cat\/presentacio\/"},"modified":"2025-11-10T08:57:25","modified_gmt":"2025-11-10T07:57:25","slug":"presentacion","status":"publish","type":"page","link":"https:\/\/avc.cat\/es\/presentacion\/","title":{"rendered":"Presentaci\u00f3n"},"content":{"rendered":"\t\t<div data-elementor-type=\"wp-page\" data-elementor-id=\"997\" class=\"elementor elementor-997 elementor-65\" data-elementor-post-type=\"page\">\n\t\t\t\t<div class=\"elementor-element elementor-element-c7f2bc9 e-flex e-con-boxed e-con e-parent\" data-id=\"c7f2bc9\" data-element_type=\"container\" data-settings=\"{&quot;background_background&quot;:&quot;classic&quot;}\">\n\t\t\t\t\t<div class=\"e-con-inner\">\n\t\t\t\t<div class=\"elementor-element elementor-element-58c6f24 elementor-widget elementor-widget-heading\" data-id=\"58c6f24\" data-element_type=\"widget\" data-widget_type=\"heading.default\">\n\t\t\t\t<div class=\"elementor-widget-container\">\n\t\t\t\t\t<h2 class=\"elementor-heading-title elementor-size-default\">PRESENTACI\u00d3N<\/h2>\t\t\t\t<\/div>\n\t\t\t\t<\/div>\n\t\t\t\t\t<\/div>\n\t\t\t\t<\/div>\n\t\t<div class=\"elementor-element elementor-element-da5cbfc e-flex e-con-boxed e-con e-parent\" data-id=\"da5cbfc\" data-element_type=\"container\">\n\t\t\t\t\t<div class=\"e-con-inner\">\n\t\t\t\t<div class=\"elementor-element elementor-element-e4d7a8e elementor-widget elementor-widget-text-editor\" data-id=\"e4d7a8e\" data-element_type=\"widget\" data-widget_type=\"text-editor.default\">\n\t\t\t\t<div class=\"elementor-widget-container\">\n\t\t\t\t\t\t\t\t\t<p><img fetchpriority=\"high\" decoding=\"async\" class=\"size-full wp-image-794 alignleft\" src=\"https:\/\/avc.cat\/wp-content\/uploads\/2025\/05\/Eugeni_Llos_nou_president_AVC.png\" alt=\"\" width=\"300\" height=\"200\" \/><\/p><p>Bienvenidos a la web de la <strong>Asociaci\u00f3n Vin\u00edcola Catalana<\/strong>,<\/p><p>Es un honor para m\u00ed presidir esta Asociaci\u00f3n que desde hace d\u00e9cadas trabaja incansablemente para promover y defender la cultura vin\u00edcola de nuestra querida tierra. En la Asociaci\u00f3n Vin\u00edcola Catalana, trabajamos con pasi\u00f3n para preservar las tradiciones, fomentar la innovaci\u00f3n y garantizar la calidad de nuestros vinos, reconocidos en todo el mundo.<\/p><p>Ahora m\u00e1s que nunca, es imprescindible que trabajemos juntos todos los miembros de la asociaci\u00f3n para afrontar los retos que tenemos por delante. La colaboraci\u00f3n y el apoyo mutuo son claves para superar las dificultades y aprovechar las oportunidades que se nos presentan.<\/p><p>Os invito a explorar nuestra web, donde encontrar\u00e9is informaci\u00f3n sobre nuestros proyectos, eventos y miembros. Gracias por compartir con nosotros este apasionante viaje por el mundo del vino catal\u00e1n.<\/p><p>\u00a1Salud y vino!<\/p><p><strong>Eugeni Llos Norenberg<\/strong><br \/>Presidente de la Asociaci\u00f3n Vin\u00edcola Catalana<\/p>\t\t\t\t\t\t\t\t<\/div>\n\t\t\t\t<\/div>\n\t\t\t\t\t<\/div>\n\t\t\t\t<\/div>\n\t\t\t\t<\/div>\n\t\t","protected":false},"excerpt":{"rendered":"<p>PRESENTACI\u00d3N Bienvenidos a la web de la Asociaci\u00f3n Vin\u00edcola Catalana, Es un honor para m\u00ed presidir esta Asociaci\u00f3n que desde hace d\u00e9cadas trabaja incansablemente para promover y defender la cultura vin\u00edcola de nuestra querida tierra. En la Asociaci\u00f3n Vin\u00edcola Catalana, trabajamos con pasi\u00f3n para preservar las tradiciones, fomentar la innovaci\u00f3n y garantizar la calidad de [&hellip;]<\/p>\n","protected":false},"author":1,"featured_media":0,"parent":0,"menu_order":2,"comment_status":"closed","ping_status":"closed","template":"","meta":{"_acf_changed":false,"footnotes":""},"class_list":["post-997","page","type-page","status-publish","hentry"],"acf":[],"_links":{"self":[{"href":"https:\/\/avc.cat\/es\/wp-json\/wp\/v2\/pages\/997","targetHints":{"allow":["GET"]}}],"collection":[{"href":"https:\/\/avc.cat\/es\/wp-json\/wp\/v2\/pages"}],"about":[{"href":"https:\/\/avc.cat\/es\/wp-json\/wp\/v2\/types\/page"}],"author":[{"embeddable":true,"href":"https:\/\/avc.cat\/es\/wp-json\/wp\/v2\/users\/1"}],"replies":[{"embeddable":true,"href":"https:\/\/avc.cat\/es\/wp-json\/wp\/v2\/comments?post=997"}],"version-history":[{"count":10,"href":"https:\/\/avc.cat\/es\/wp-json\/wp\/v2\/pages\/997\/revisions"}],"predecessor-version":[{"id":1297,"href":"https:\/\/avc.cat\/es\/wp-json\/wp\/v2\/pages\/997\/revisions\/1297"}],"wp:attachment":[{"href":"https:\/\/avc.cat\/es\/wp-json\/wp\/v2\/media?parent=997"}],"curies":[{"name":"wp","href":"https:\/\/api.w.org\/{rel}","templated":true}]}}