{"id":79,"date":"2025-05-07T11:04:51","date_gmt":"2025-05-07T09:04:51","guid":{"rendered":"https:\/\/avc.cat\/associats\/"},"modified":"2025-11-10T09:11:52","modified_gmt":"2025-11-10T08:11:52","slug":"asociados","status":"publish","type":"page","link":"https:\/\/avc.cat\/es\/asociados\/","title":{"rendered":"Asociados"},"content":{"rendered":"\t\t<div data-elementor-type=\"wp-page\" data-elementor-id=\"79\" class=\"elementor elementor-79 elementor-77\" data-elementor-post-type=\"page\">\n\t\t\t\t<div class=\"elementor-element elementor-element-4faff42 e-flex e-con-boxed e-con e-parent\" data-id=\"4faff42\" data-element_type=\"container\" data-settings=\"{&quot;background_background&quot;:&quot;classic&quot;}\">\n\t\t\t\t\t<div class=\"e-con-inner\">\n\t\t\t\t<div class=\"elementor-element elementor-element-485e52b elementor-widget elementor-widget-heading\" data-id=\"485e52b\" data-element_type=\"widget\" data-widget_type=\"heading.default\">\n\t\t\t\t<div class=\"elementor-widget-container\">\n\t\t\t\t\t<h2 class=\"elementor-heading-title elementor-size-default\">ASOCIADOS<\/h2>\t\t\t\t<\/div>\n\t\t\t\t<\/div>\n\t\t\t\t\t<\/div>\n\t\t\t\t<\/div>\n\t\t<div class=\"elementor-element elementor-element-6be028a e-flex e-con-boxed e-con e-parent\" data-id=\"6be028a\" data-element_type=\"container\">\n\t\t\t\t\t<div class=\"e-con-inner\">\n\t\t\t\t<div class=\"elementor-element elementor-element-9cddd27 elementor-widget elementor-widget-heading\" data-id=\"9cddd27\" data-element_type=\"widget\" data-widget_type=\"heading.default\">\n\t\t\t\t<div class=\"elementor-widget-container\">\n\t\t\t\t\t<h2 class=\"elementor-heading-title elementor-size-default\">Lista de asociados<\/h2>\t\t\t\t<\/div>\n\t\t\t\t<\/div>\n\t\t\t\t<div class=\"elementor-element elementor-element-f0a4009 elementor-widget elementor-widget-heading\" data-id=\"f0a4009\" data-element_type=\"widget\" data-widget_type=\"heading.default\">\n\t\t\t\t<div class=\"elementor-widget-container\">\n\t\t\t\t\t<h2 class=\"elementor-heading-title elementor-size-default\">(por orden alfab\u00e9tico)<\/h2>\t\t\t\t<\/div>\n\t\t\t\t<\/div>\n\t\t\t\t<div class=\"elementor-element elementor-element-3d58a02 elementor-widget elementor-widget-spacer\" data-id=\"3d58a02\" data-element_type=\"widget\" data-widget_type=\"spacer.default\">\n\t\t\t\t<div class=\"elementor-widget-container\">\n\t\t\t\t\t\t\t<div class=\"elementor-spacer\">\n\t\t\t<div class=\"elementor-spacer-inner\"><\/div>\n\t\t<\/div>\n\t\t\t\t\t\t<\/div>\n\t\t\t\t<\/div>\n\t\t\t\t<div class=\"elementor-element elementor-element-295cea9 elementor-widget elementor-widget-text-editor\" data-id=\"295cea9\" data-element_type=\"widget\" data-widget_type=\"text-editor.default\">\n\t\t\t\t<div class=\"elementor-widget-container\">\n\t\t\t\t\t\t\t\t\t<div class=\"bodega-item\"><a href=\"http:\/\/www.santjosepwines.com\/\" target=\"_blank\" rel=\"noopener\">AGR. I SECCI\u00d3 DE CR\u00c8DIT SANT JOSEP<\/a><\/div><div class=\"bodega-item\"><span class=\"no-link\">AGR\u00cdCOLA FALSET MAR\u00c7\u00c0<\/span><\/div><div class=\"bodega-item\"><a href=\"http:\/\/www.albetinoya.cat\/\" target=\"_blank\" rel=\"noopener\">ALBET I NOYA<\/a><\/div><div class=\"bodega-item\"><a href=\"https:\/\/www.alemany-corrio.com\/\" target=\"_blank\" rel=\"noopener\">ALEMANY I CORRI\u00d3<\/a><\/div><div class=\"bodega-item\"><a href=\"https:\/\/altaalella.wine\/ca\/\" target=\"_blank\" rel=\"noopener\">ALTA ALELLA<\/a><\/div><div class=\"bodega-item\"><a href=\"http:\/\/www.altavins.com\/\" target=\"_blank\" rel=\"noopener\">ALTAVINS VITICULTORS<\/a><\/div><div class=\"bodega-item\"><a href=\"http:\/\/www.alvaropalacios.com\/\" target=\"_blank\" rel=\"noopener\">ALVARO PALACIOS<\/a><\/div><div class=\"bodega-item\"><a href=\"http:\/\/www.mascaro.es\/\" target=\"_blank\" rel=\"noopener\">ANTONIO MASCAR\u00d3<\/a><\/div><div class=\"bodega-item\"><a href=\"http:\/\/www.atroca.eu\/\" target=\"_blank\" rel=\"noopener\">A.T. ROCA<\/a><\/div><div class=\"bodega-item\"><a href=\"http:\/\/ramonroqueta.com\/es\/\" target=\"_blank\" rel=\"noopener\">BODEGAS 1898<\/a><\/div><div class=\"bodega-item\"><a href=\"https:\/\/abadal.net\/ca\/\" target=\"_blank\" rel=\"noopener\">BODEGAS ABADAL<\/a><\/div><div class=\"bodega-item\"><span class=\"no-link\">BODEGAS AULADELL<\/span><\/div><div class=\"bodega-item\"><a href=\"http:\/\/www.fincacanestella.com\/\" target=\"_blank\" rel=\"noopener\">BODEGAS CA N&#8217;ESTELLA<\/a><\/div><div class=\"bodega-item\"><a href=\"http:\/\/www.pinord.es\/\" target=\"_blank\" rel=\"noopener\">BODEGAS PINORD<\/a><\/div><div class=\"bodega-item\"><a href=\"http:\/\/www.bodegastrobat.com\/\" target=\"_blank\" rel=\"noopener\">BODEGAS TROBAT<\/a><\/div><div class=\"bodega-item\"><a href=\"https:\/\/www.bodegasyzaguirre.com\/es\/\" target=\"_blank\" rel=\"noopener\">BODEGAS YZAGUIRRE<\/a><\/div><div class=\"bodega-item\"><a href=\"http:\/\/www.sumarroca.es\/\" target=\"_blank\" rel=\"noopener\">BODEGUES SUMARROCA<\/a><\/div><div class=\"bodega-item\"><a href=\"http:\/\/torredelveguer.com\/index.php\/ca\/\" target=\"_blank\" rel=\"noopener\">BODEGUES TORRE DEL VEGUER<\/a><\/div><div class=\"bodega-item\"><a href=\"http:\/\/www.perelada.com\/?idioma=2\" target=\"_blank\" rel=\"noopener\">C. CASTILLO DE PERELADA<\/a><\/div><div class=\"bodega-item\"><a href=\"http:\/\/www.cadespenedes.com\/\" target=\"_blank\" rel=\"noopener\">CADES PENED\u00c8S<\/a><\/div><div class=\"bodega-item\"><a href=\"http:\/\/www.canestruc.com\/\" target=\"_blank\" rel=\"noopener\">CAN DEZ MAS<\/a><\/div><div class=\"bodega-item\"><a href=\"https:\/\/canmarles.com\/\" target=\"_blank\" rel=\"noopener\">CAN MARL\u00c8S<\/a><\/div><div class=\"bodega-item\"><a href=\"http:\/\/www.canalsnadal.com\/\" target=\"_blank\" rel=\"noopener\">CANALS NADAL<\/a><\/div><div class=\"bodega-item\"><a href=\"http:\/\/www.carviresa.com\/\" target=\"_blank\" rel=\"noopener\">CAR VIN\u00cdCOLAS REUNIDAS<\/a><\/div><div class=\"bodega-item\"><a href=\"http:\/\/www.casagrandelsiurana.com\/\" target=\"_blank\" rel=\"noopener\">CASA GRAN DEL CIURANA<\/a><\/div><div class=\"bodega-item\"><a href=\"http:\/\/castelldage.com\/\" target=\"_blank\" rel=\"noopener\">CASTELL D&#8217;AGE<\/a><\/div><div class=\"bodega-item\"><a href=\"https:\/\/castelldencus.com\/es\/\" target=\"_blank\" rel=\"noopener\">CASTELL D&#8217;ENCUS<\/a><\/div><div class=\"bodega-item\"><a href=\"http:\/\/www.castelldelremei.com\/\" target=\"_blank\" rel=\"noopener\">CASTELL DEL REMEI<\/a><\/div><div class=\"bodega-item\"><a href=\"https:\/\/castelldor.com\/es\/\" target=\"_blank\" rel=\"noopener\">CASTELL D&#8217;OR<\/a><\/div><div class=\"bodega-item\"><a href=\"http:\/\/www.cavashill.es\/index.php\/es\/\" target=\"_blank\" rel=\"noopener\">CAVAS J. HILL<\/a><\/div><div class=\"bodega-item\"><a href=\"http:\/\/www.alsinasarda.com\/\" target=\"_blank\" rel=\"noopener\">CELLER ALSINA<\/a><\/div><div class=\"bodega-item\"><a href=\"http:\/\/www.cellercanpages.es\/\" target=\"_blank\" rel=\"noopener\">CELLER CAN PAGES<\/a><\/div><div class=\"bodega-item\"><a href=\"http:\/\/cescavicent.com\/\" target=\"_blank\" rel=\"noopener\">CELLER CESCA VICENT<\/a><\/div><div class=\"bodega-item\"><a href=\"http:\/\/www.clospons.com\/\" target=\"_blank\" rel=\"noopener\">CELLER CLOS PONS<\/a><\/div><div class=\"bodega-item\"><a href=\"http:\/\/www.coopgandesa.com\/?pagerd_gazemj1oomkdpvp4aemi\" target=\"_blank\" rel=\"noopener\">CELLER COOPERATIU DE GANDESA<\/a><\/div><div class=\"bodega-item\"><a href=\"https:\/\/www.cellercapcanes.com\/es\/\" target=\"_blank\" rel=\"noopener\">CELLER DE CAP\u00c7ANES<\/a><\/div><div class=\"bodega-item\"><a href=\"https:\/\/pereladachivite.com\/marca\/pescador\" target=\"_blank\" rel=\"noopener\">CELLER DEL PESCADOR<\/a><\/div><div class=\"bodega-item\"><span class=\"no-link\">CELLER JOSEP PI\u00d1OL<\/span><\/div><div class=\"bodega-item\"><a href=\"https:\/\/www.lavinyeta.es\/ca\/celler\" target=\"_blank\" rel=\"noopener\">CELLER LA VINYETA<\/a><\/div><div class=\"bodega-item\"><a href=\"https:\/\/www.lesacacies.com\/ca\/\" target=\"_blank\" rel=\"noopener\">CELLER LES AC\u00c0CIES<\/a><\/div><div class=\"bodega-item\"><a href=\"http:\/\/www.cellerpardas.com\/?lang=es\" target=\"_blank\" rel=\"noopener\">CELLER PARDAS<\/a><\/div><div class=\"bodega-item\"><a href=\"http:\/\/www.avgvstvsforvm.com\/\" target=\"_blank\" rel=\"noopener\">CELLERS AVGVSTVS FORVM<\/a><\/div><div class=\"bodega-item\"><a href=\"https:\/\/www.cellersdomenys.com\/ca\/\" target=\"_blank\" rel=\"noopener\">CELLERS DOMENYS<\/a><\/div><div class=\"bodega-item\"><a href=\"http:\/\/www.casamariol.com\/ca\" target=\"_blank\" rel=\"noopener\">CELLERS MARIOL<\/a><\/div><div class=\"bodega-item\"><span class=\"no-link\">CELLERS MONTSERRAT<\/span><\/div><div class=\"bodega-item\"><span class=\"no-link\">CELLERS PAG\u00c8S<\/span><\/div><div class=\"bodega-item\"><a href=\"http:\/\/www.cevipe.cat\/\" target=\"_blank\" rel=\"noopener\">CEVIPE<\/a><\/div><div class=\"bodega-item\"><a href=\"http:\/\/www.grupperalada.com\/lineas_vitivi_cims_de_porrera.php\" target=\"_blank\" rel=\"noopener\">CIMS DE PORRERA<\/a><\/div><div class=\"bodega-item\"><a href=\"https:\/\/closalkio.com\/\" target=\"_blank\" rel=\"noopener\">CLOS ALKIO<\/a><\/div><div class=\"bodega-item\"><a href=\"https:\/\/closdagon.com\/\" target=\"_blank\" rel=\"noopener\">CLOS D&#8217;AGON<\/a><\/div><div class=\"bodega-item\"><a href=\"https:\/\/www.closgalena.com\/\" target=\"_blank\" rel=\"noopener\">CLOS GALENA<\/a><\/div><div class=\"bodega-item\"><a href=\"https:\/\/clospachem.cat\/ca\/inici\/\" target=\"_blank\" rel=\"noopener\">CLOS PACHEM<\/a><\/div><div class=\"bodega-item\"><span class=\"no-link\">CLOS TRED\u00d3S<\/span><\/div><div class=\"bodega-item\"><a href=\"http:\/\/colet.cat\/\" target=\"_blank\" rel=\"noopener\">COLET VITICULTORS<\/a><\/div><div class=\"bodega-item\"><a href=\"http:\/\/www.costersio.com\/\" target=\"_blank\" rel=\"noopener\">COSTERS DEL SI\u00d3<\/a><\/div><div class=\"bodega-item\"><a href=\"http:\/\/www.covides.com\/\" target=\"_blank\" rel=\"noopener\">COVIDES<\/a><\/div><div class=\"bodega-item\"><a href=\"http:\/\/cuscoberga.com\/index.php\/start\/\" target=\"_blank\" rel=\"noopener\">CUSC\u00d3 I ESTEVE<\/a><\/div><div class=\"bodega-item\"><a href=\"http:\/\/www.dalmau-hnos.com\/\" target=\"_blank\" rel=\"noopener\">DALMAU HERMANOS Y CIA SUC.<\/a><\/div><div class=\"bodega-item\"><a href=\"http:\/\/www.demuller.es\/\" target=\"_blank\" rel=\"noopener\">DE MULLER<\/a><\/div><div class=\"bodega-item\"><a href=\"http:\/\/www.dgviticultors.com\/\" target=\"_blank\" rel=\"noopener\">D.G. VITICULTORS<\/a><\/div><div class=\"bodega-item\"><a href=\"http:\/\/www.disvinord.com\/\" target=\"_blank\" rel=\"noopener\">DISVINORD<\/a><\/div><div class=\"bodega-item\"><a href=\"http:\/\/edetaria.com\/\" target=\"_blank\" rel=\"noopener\">EDET\u00c0RIA<\/a><\/div><div class=\"bodega-item\"><span class=\"no-link\">EL MILANENC SLU<\/span><\/div><div class=\"bodega-item\"><a href=\"http:\/\/www.mirosalvat.com\/\" target=\"_blank\" rel=\"noopener\">EMILIO MIR\u00d3 SALVAT<\/a><\/div><div class=\"bodega-item\"><a href=\"http:\/\/www.empordalia.com\/\" target=\"_blank\" rel=\"noopener\">EMPORDALIA<\/a><\/div><div class=\"bodega-item\"><a href=\"http:\/\/www.nadal.com\/\" target=\"_blank\" rel=\"noopener\">ENRIC NADAL<\/a><\/div><div class=\"bodega-item\"><a href=\"http:\/\/www.espeltviticultors.com\/ca\/home\" target=\"_blank\" rel=\"noopener\">ESPELT VITICULTORS<\/a><\/div><div class=\"bodega-item\"><a href=\"http:\/\/www.avinyo.com\/\" target=\"_blank\" rel=\"noopener\">ESTEVE NADAL, JOAN<\/a><\/div><div class=\"bodega-item\"><a href=\"https:\/\/www.torres.es\/\" target=\"_blank\" rel=\"noopener\">FAM\u00cdLIA TORRES<\/a><\/div><div class=\"bodega-item\"><a href=\"https:\/\/www.lafontdejui.com\/\" target=\"_blank\" rel=\"noopener\">FINCA LA FONT DE JU\u00cd<\/a><\/div><div class=\"bodega-item\"><a href=\"http:\/\/www.freixedas.com\/\" target=\"_blank\" rel=\"noopener\">FREIXEDAS VIN\u00cdCOLA<\/a><\/div><div class=\"bodega-item\"><a href=\"http:\/\/www.freixenet.es\/\" target=\"_blank\" rel=\"noopener\">FREIXENET<\/a><\/div><div class=\"bodega-item\"><a href=\"http:\/\/vinyalhereu.com\/inicial.aspx\" target=\"_blank\" rel=\"noopener\">GERPITA (VINYA L&#8217;HEREU DE SER\u00d3)<\/a><\/div><div class=\"bodega-item\"><a href=\"http:\/\/www.girodelgorner.com\/\" target=\"_blank\" rel=\"noopener\">GIR\u00d3 DEL GORNER<\/a><\/div><div class=\"bodega-item\"><a href=\"http:\/\/www.giroribot.es\/es\" target=\"_blank\" rel=\"noopener\">GIR\u00d3 RIBOT<\/a><\/div><div class=\"bodega-item\"><span class=\"no-link\">GIRVIN<\/span><\/div><div class=\"bodega-item\"><a href=\"http:\/\/www.vilarnau.es\/es\" target=\"_blank\" rel=\"noopener\">GONZALEZ BYASS (VILARNAU)<\/a><\/div><div class=\"bodega-item\"><a href=\"https:\/\/www.herenciaaltes.com\/\" target=\"_blank\" rel=\"noopener\">HER\u00c8NCIA ALT\u00c9S<\/a><\/div><div class=\"bodega-item\"><a href=\"http:\/\/mastinell.com\/ca\/\" target=\"_blank\" rel=\"noopener\">HERETAT MAS TINELL<\/a><\/div><div class=\"bodega-item\"><a href=\"http:\/\/www.canfeixes.com\/\" target=\"_blank\" rel=\"noopener\">HUGUET DE CAN FEIXES<\/a><\/div><div class=\"bodega-item\"><span class=\"no-link\">J.B. BERGER<\/span><\/div><div class=\"bodega-item\"><a href=\"https:\/\/www.raventos.com\/coleccion\/espumosos\/73\/de_nit_2014\/\" target=\"_blank\" rel=\"noopener\">J. M\u00aa RAVENTOS BLANC<\/a><\/div><div class=\"bodega-item\"><a href=\"http:\/\/janeventura.com\/\" target=\"_blank\" rel=\"noopener\">JAN\u00c9 VENTURA<\/a><\/div><div class=\"bodega-item\"><span class=\"no-link\">JANS\u00c0 SAPERAS, M\u00aa ROSA<\/span><\/div><div class=\"bodega-item\"><a href=\"http:\/\/www.jeanleon.com\/es\/\" target=\"_blank\" rel=\"noopener\">JEAN LEON<\/a><\/div><div class=\"bodega-item\"><a href=\"http:\/\/www.joansarda.com\/\" target=\"_blank\" rel=\"noopener\">JOAN SARD\u00c0<\/a><\/div><div class=\"bodega-item\"><a href=\"http:\/\/www.vinyesdelsaspres.cat\/\" target=\"_blank\" rel=\"noopener\">JOAQUIM ALBERTI (VINYES DELS ASPRES)<\/a><\/div><div class=\"bodega-item\"><a href=\"https:\/\/www.josepmasachs.com\/\" target=\"_blank\" rel=\"noopener\">JOSEP MASACHS<\/a><\/div><div class=\"bodega-item\"><a href=\"http:\/\/www.juveycamps.com\/\" target=\"_blank\" rel=\"noopener\">JUV\u00c9 &amp; CAMPS<\/a><\/div><div class=\"bodega-item\"><a href=\"http:\/\/www.lafou.cat\/\" target=\"_blank\" rel=\"noopener\">LAFOU CELLER<\/a><\/div><div class=\"bodega-item\"><a href=\"http:\/\/www.lavinicoladegandesa.com\/\" target=\"_blank\" rel=\"noopener\">LA VIN\u00cdCOLA DE GANDESA<\/a><\/div><div class=\"bodega-item\"><a href=\"http:\/\/www.lavinicolamestre.com\/es\/\" target=\"_blank\" rel=\"noopener\">LA VIN\u00cdCOLA MESTRE<\/a><\/div><div class=\"bodega-item\"><a href=\"http:\/\/www.llopart.com\/\" target=\"_blank\" rel=\"noopener\">LLOPART<\/a><\/div><div class=\"bodega-item\"><a href=\"https:\/\/maieutikewinery.com\/\" target=\"_blank\" rel=\"noopener\">MAIEUTIK\u00c9 WINERY<\/a><\/div><div class=\"bodega-item\"><a href=\"https:\/\/www.marquesdelaconcordia.com\/\" target=\"_blank\" rel=\"noopener\">MARQU\u00c8S DE LA CONCORDIA FAMILY WINES (MARQU\u00c8S DE MONISTROL)<\/a><\/div><div class=\"bodega-item\"><a href=\"https:\/\/masbertran.com\/\" target=\"_blank\" rel=\"noopener\">MAS BERTRAN<\/a><\/div><div class=\"bodega-item\"><a href=\"http:\/\/www.masblanchijove.com\/\" target=\"_blank\" rel=\"noopener\">MAS BLANCH I JOV\u00c9<\/a><\/div><div class=\"bodega-item\"><a href=\"http:\/\/www.josepforaster.com\/\" target=\"_blank\" rel=\"noopener\">MAS FORASTER<\/a><\/div><div class=\"bodega-item\"><a href=\"http:\/\/www.masigneus.com\/\" target=\"_blank\" rel=\"noopener\">MAS IGNEUS<\/a><\/div><div class=\"bodega-item\"><a href=\"https:\/\/cellermaspolit.com\/\" target=\"_blank\" rel=\"noopener\">MAS P\u00d2LIT<\/a><\/div><div class=\"bodega-item\"><a href=\"http:\/\/www.masrodo.com\/HomeCat.htm\" target=\"_blank\" rel=\"noopener\">MAS ROD\u00d3<\/a><\/div><div class=\"bodega-item\"><a href=\"http:\/\/www.loxarel.com\/\" target=\"_blank\" rel=\"noopener\">MASIA CAN MAYOL<\/a><\/div><div class=\"bodega-item\"><a href=\"http:\/\/www.emendis.es\/\" target=\"_blank\" rel=\"noopener\">MASIA PUIGMOLT\u00d3<\/a><\/div><div class=\"bodega-item\"><a href=\"http:\/\/www.vallformosa.es\/\" target=\"_blank\" rel=\"noopener\">MASIA VALLFORMOSA<\/a><\/div><div class=\"bodega-item\"><a href=\"http:\/\/massananoya.com\/\" target=\"_blank\" rel=\"noopener\">MASSANA NOYA<\/a><\/div><div class=\"bodega-item\"><a href=\"http:\/\/www.mont-marcal.com\/\" target=\"_blank\" rel=\"noopener\">MONT MAR\u00c7AL VIN\u00cdCOLA<\/a><\/div><div class=\"bodega-item\"><a href=\"http:\/\/ollerdelmas.com\/\" target=\"_blank\" rel=\"noopener\">OLLER DEL MAS<\/a><\/div><div class=\"bodega-item\"><a href=\"http:\/\/www.oriolrossell.com\/\" target=\"_blank\" rel=\"noopener\">ORIOL ROSSELL<\/a><\/div><div class=\"bodega-item\"><a href=\"http:\/\/www.parato.es\/\" target=\"_blank\" rel=\"noopener\">PARAT\u00d3 VIN\u00cdCOLA<\/a><\/div><div class=\"bodega-item\"><a href=\"http:\/\/www.paresbalta.com\/ca\/\" target=\"_blank\" rel=\"noopener\">PAR\u00c9S BALT\u00c0<\/a><\/div><div class=\"bodega-item\"><a href=\"http:\/\/pereguardiola.com\/ca\" target=\"_blank\" rel=\"noopener\">PERE GUARDIOLA<\/a><\/div><div class=\"bodega-item\"><a href=\"https:\/\/pereventuragroup.com\/es\/\" target=\"_blank\" rel=\"noopener\">PERE VENTURA I FAM\u00cdLIA<\/a><\/div><div class=\"bodega-item\"><a href=\"http:\/\/www.perucchi.es\/\" target=\"_blank\" rel=\"noopener\">PERUCCHI 1876<\/a><\/div><div class=\"bodega-item\"><a href=\"http:\/\/www.portaldelpriorat.com\/\" target=\"_blank\" rel=\"noopener\">PORTAL DEL PRIORAT<\/a><\/div><div class=\"bodega-item\"><a href=\"http:\/\/www.recaredo.com\/\" target=\"_blank\" rel=\"noopener\">RECAREDO<\/a><\/div><div class=\"bodega-item\"><a href=\"http:\/\/renebarbier.com\/\" target=\"_blank\" rel=\"noopener\">REN\u00c9 BARBIER<\/a><\/div><div class=\"bodega-item\"><span class=\"no-link\">RIERA PINTO<\/span><\/div><div class=\"bodega-item\"><a href=\"https:\/\/masllunes.es\/\" target=\"_blank\" rel=\"noopener\">ROICOM<\/a><\/div><div class=\"bodega-item\"><a href=\"http:\/\/www.ronadelles.com\/ca\" target=\"_blank\" rel=\"noopener\">RONADELLES<\/a><\/div><div class=\"bodega-item\"><a href=\"http:\/\/www.roquetaorigen.com\/es\/\" target=\"_blank\" rel=\"noopener\">ROQUETA ORIGEN<\/a><\/div><div class=\"bodega-item\"><a href=\"http:\/\/www.rovellats.com\/\" target=\"_blank\" rel=\"noopener\">ROVELLATS<\/a><\/div><div class=\"bodega-item\"><a href=\"http:\/\/www.castellroig.com\/\" target=\"_blank\" rel=\"noopener\">SABAT\u00c9 I COCA<\/a><\/div><div class=\"bodega-item\"><a href=\"http:\/\/www.olivera.org\/php\/index.php\" target=\"_blank\" rel=\"noopener\">S.C.C. LRD. AGROPECUARIA L&#8217;OLIVERA<\/a><\/div><div class=\"bodega-item\"><a href=\"https:\/\/seguraviudas.com\/es\/enoturismo-cataluna\/\" target=\"_blank\" rel=\"noopener\">SEGURA VIUDAS<\/a><\/div><div class=\"bodega-item\"><a href=\"http:\/\/www.torello.com\/\" target=\"_blank\" rel=\"noopener\">TORELL\u00d3 LLOPART<\/a><\/div><div class=\"bodega-item\"><a href=\"http:\/\/es.umesufan3.com\/\" target=\"_blank\" rel=\"noopener\">U M\u00c9S U FAN TRES<\/a><\/div><div class=\"bodega-item\"><a href=\"https:\/\/grupofreixenet.com\/\" target=\"_blank\" rel=\"noopener\">UNI\u00d3 CELLERS DEL NOIA<\/a><\/div><div class=\"bodega-item\"><a href=\"http:\/\/unio.coop\/\" target=\"_blank\" rel=\"noopener\">UNI\u00d3 ORIGEN<\/a><\/div><div class=\"bodega-item\"><a href=\"http:\/\/www.fincaviladellops.com\/\" target=\"_blank\" rel=\"noopener\">VILADELLOPS VIN\u00cdCOLA<\/a><\/div><div class=\"bodega-item\"><a href=\"https:\/\/www.vinagreriasdelpenedes.com\/\" target=\"_blank\" rel=\"noopener\">VINAGRERIAS DEL PENED\u00c8S<\/a><\/div><div class=\"bodega-item\"><a href=\"https:\/\/vermouthpadro.com\/\" target=\"_blank\" rel=\"noopener\">PADR\u00d3 I FAM\u00cdLIA<\/a><\/div><div class=\"bodega-item\"><a href=\"http:\/\/www.adernats.cat\/\" target=\"_blank\" rel=\"noopener\">VIN\u00cdCOLA DE NULLES<\/a><\/div><div class=\"bodega-item\"><a href=\"http:\/\/www.vinsdetaller.com\/es\/pagina-inicial\/raiz.aspx\" target=\"_blank\" rel=\"noopener\">VINS DE TALLER<\/a><\/div><div class=\"bodega-item\"><span class=\"no-link\">VINS FONT<\/span><\/div><div class=\"bodega-item\"><a href=\"http:\/\/vinsgotimdor.com\/\" target=\"_blank\" rel=\"noopener\">VINS GOTIM D&#8217;OR<\/a><\/div><div class=\"bodega-item\"><a href=\"http:\/\/www.vinsgrau.com\/\" target=\"_blank\" rel=\"noopener\">VINS GRAU<\/a><\/div><div class=\"bodega-item\"><span class=\"no-link\">VINS PRAVI<\/span><\/div><div class=\"bodega-item\"><a href=\"http:\/\/www.vinyesdomenech.com\/\" target=\"_blank\" rel=\"noopener\">VINYES DOM\u00c8NECH<\/a><\/div><div class=\"bodega-item\"><a href=\"https:\/\/vitalpesat.com\/\" target=\"_blank\" rel=\"noopener\">VITALPE<\/a><\/div><div class=\"bodega-item\"><a href=\"http:\/\/www.masdengil.com\/\" target=\"_blank\" rel=\"noopener\">VITICULTORS MAS D&#8217;EN GIL<\/a><\/div>\t\t\t\t\t\t\t\t<\/div>\n\t\t\t\t<\/div>\n\t\t\t\t\t<\/div>\n\t\t\t\t<\/div>\n\t\t\t\t<\/div>\n\t\t","protected":false},"excerpt":{"rendered":"<p>ASOCIADOS Lista de asociados (por orden alfab\u00e9tico) AGR. I SECCI\u00d3 DE CR\u00c8DIT SANT JOSEPAGR\u00cdCOLA FALSET MAR\u00c7\u00c0ALBET I NOYAALEMANY I CORRI\u00d3ALTA ALELLAALTAVINS VITICULTORSALVARO PALACIOSANTONIO MASCAR\u00d3A.T. ROCABODEGAS 1898BODEGAS ABADALBODEGAS AULADELLBODEGAS CA N&#8217;ESTELLABODEGAS PINORDBODEGAS TROBATBODEGAS YZAGUIRREBODEGUES SUMARROCABODEGUES TORRE DEL VEGUERC. CASTILLO DE PERELADACADES PENED\u00c8SCAN DEZ MASCAN MARL\u00c8SCANALS NADALCAR VIN\u00cdCOLAS REUNIDASCASA GRAN DEL CIURANACASTELL D&#8217;AGECASTELL D&#8217;ENCUSCASTELL DEL REMEICASTELL D&#8217;ORCAVAS [&hellip;]<\/p>\n","protected":false},"author":1,"featured_media":0,"parent":0,"menu_order":6,"comment_status":"closed","ping_status":"closed","template":"","meta":{"_acf_changed":false,"footnotes":""},"class_list":["post-79","page","type-page","status-publish","hentry"],"acf":[],"_links":{"self":[{"href":"https:\/\/avc.cat\/es\/wp-json\/wp\/v2\/pages\/79","targetHints":{"allow":["GET"]}}],"collection":[{"href":"https:\/\/avc.cat\/es\/wp-json\/wp\/v2\/pages"}],"about":[{"href":"https:\/\/avc.cat\/es\/wp-json\/wp\/v2\/types\/page"}],"author":[{"embeddable":true,"href":"https:\/\/avc.cat\/es\/wp-json\/wp\/v2\/users\/1"}],"replies":[{"embeddable":true,"href":"https:\/\/avc.cat\/es\/wp-json\/wp\/v2\/comments?post=79"}],"version-history":[{"count":17,"href":"https:\/\/avc.cat\/es\/wp-json\/wp\/v2\/pages\/79\/revisions"}],"predecessor-version":[{"id":1321,"href":"https:\/\/avc.cat\/es\/wp-json\/wp\/v2\/pages\/79\/revisions\/1321"}],"wp:attachment":[{"href":"https:\/\/avc.cat\/es\/wp-json\/wp\/v2\/media?parent=79"}],"curies":[{"name":"wp","href":"https:\/\/api.w.org\/{rel}","templated":true}]}}