{"id":73,"date":"2025-05-07T11:02:30","date_gmt":"2025-05-07T09:02:30","guid":{"rendered":"https:\/\/avc.cat\/afiliacions\/"},"modified":"2025-11-10T09:08:41","modified_gmt":"2025-11-10T08:08:41","slug":"afiliaciones","status":"publish","type":"page","link":"https:\/\/avc.cat\/es\/afiliaciones\/","title":{"rendered":"Afiliaciones"},"content":{"rendered":"\t\t<div data-elementor-type=\"wp-page\" data-elementor-id=\"73\" class=\"elementor elementor-73 elementor-71\" data-elementor-post-type=\"page\">\n\t\t\t\t<div class=\"elementor-element elementor-element-249d016 e-flex e-con-boxed e-con e-parent\" data-id=\"249d016\" data-element_type=\"container\" data-settings=\"{&quot;background_background&quot;:&quot;classic&quot;}\">\n\t\t\t\t\t<div class=\"e-con-inner\">\n\t\t\t\t<div class=\"elementor-element elementor-element-94f3380 elementor-widget elementor-widget-heading\" data-id=\"94f3380\" data-element_type=\"widget\" data-widget_type=\"heading.default\">\n\t\t\t\t<div class=\"elementor-widget-container\">\n\t\t\t\t\t<h2 class=\"elementor-heading-title elementor-size-default\">AFILIACIONES<\/h2>\t\t\t\t<\/div>\n\t\t\t\t<\/div>\n\t\t\t\t\t<\/div>\n\t\t\t\t<\/div>\n\t\t<div class=\"elementor-element elementor-element-4358cac e-flex e-con-boxed e-con e-parent\" data-id=\"4358cac\" data-element_type=\"container\">\n\t\t\t\t\t<div class=\"e-con-inner\">\n\t\t\t\t<div class=\"elementor-element elementor-element-69cf1e9 elementor-widget elementor-widget-text-editor\" data-id=\"69cf1e9\" data-element_type=\"widget\" data-widget_type=\"text-editor.default\">\n\t\t\t\t<div class=\"elementor-widget-container\">\n\t\t\t\t\t\t\t\t\t<p><a href=\"http:\/\/www.fev.es\/v_portal\/apartados\/apartado.asp\" target=\"_blank\" rel=\"noopener\"><strong>FEV<\/strong><\/a><br \/>La <strong>Federaci\u00f3n Espa\u00f1ola del Vino<\/strong> es la organizaci\u00f3n privada m\u00e1s representativa que agrupa al sector bodeguero espa\u00f1ol, tanto a empresas elaboradoras como a empresas comercializadoras de todo tipo de productos vitivin\u00edcolas.<\/p>\n<p>La FEV trabaja en beneficio del sector del vino espa\u00f1ol en general y de las bodegas.<\/p>\n<p>Sus objetivos, adem\u00e1s de la defensa de la imagen del vino como alimento b\u00e1sico de la Dieta Mediterr\u00e1nea diferenci\u00e1ndola de otras bebidas &#8211; se centra en la b\u00fasqueda del mejor entorno posible para que las empresas vitivin\u00edcolas desarrollen su actividad.<\/p>\n<p>Esta organizaci\u00f3n presta a las empresas asociadas una activa pol\u00edtica de informaci\u00f3n sobre todas las materias que afectan a los intereses del sector, la resoluci\u00f3n de consultas y generaci\u00f3n de posiciones comunes de las bodegas espa\u00f1olas.<\/p>\n<p><a href=\"http:\/\/www.fivin.com\/\" target=\"_blank\" rel=\"noopener\"><strong>FIVIN<\/strong><\/a><br \/>La <strong>Fundaci\u00f3n para la Investigaci\u00f3n del Vino y Nutrici\u00f3n<\/strong>, orienta sus actividades en valorar los posibles efectos protectores del consumo moderado de vino en nuestro organismo y sobre la salud humana desde un punto de vista m\u00e9dico.<\/p>\n<p>Realiza acciones y actividades y lleva a cabo investigaciones dando a conocer a nuestra sociedad los beneficios del consumo responsable, siempre avalados por los conocimientos cient\u00edfico-m\u00e9dicos actuales. Tambi\u00e9n contribuye a enriquecer estos conocimientos con nuevas investigaciones que ayudan a crear en la opini\u00f3n p\u00fablica una imagen m\u00e1s real sobre el vino.<\/p>\t\t\t\t\t\t\t\t<\/div>\n\t\t\t\t<\/div>\n\t\t\t\t\t<\/div>\n\t\t\t\t<\/div>\n\t\t\t\t<\/div>\n\t\t","protected":false},"excerpt":{"rendered":"<p>AFILIACIONES FEVLa Federaci\u00f3n Espa\u00f1ola del Vino es la organizaci\u00f3n privada m\u00e1s representativa que agrupa al sector bodeguero espa\u00f1ol, tanto a empresas elaboradoras como a empresas comercializadoras de todo tipo de productos vitivin\u00edcolas. La FEV trabaja en beneficio del sector del vino espa\u00f1ol en general y de las bodegas. Sus objetivos, adem\u00e1s de la defensa de [&hellip;]<\/p>\n","protected":false},"author":1,"featured_media":0,"parent":0,"menu_order":5,"comment_status":"closed","ping_status":"closed","template":"","meta":{"_acf_changed":false,"footnotes":""},"class_list":["post-73","page","type-page","status-publish","hentry"],"acf":[],"_links":{"self":[{"href":"https:\/\/avc.cat\/es\/wp-json\/wp\/v2\/pages\/73","targetHints":{"allow":["GET"]}}],"collection":[{"href":"https:\/\/avc.cat\/es\/wp-json\/wp\/v2\/pages"}],"about":[{"href":"https:\/\/avc.cat\/es\/wp-json\/wp\/v2\/types\/page"}],"author":[{"embeddable":true,"href":"https:\/\/avc.cat\/es\/wp-json\/wp\/v2\/users\/1"}],"replies":[{"embeddable":true,"href":"https:\/\/avc.cat\/es\/wp-json\/wp\/v2\/comments?post=73"}],"version-history":[{"count":11,"href":"https:\/\/avc.cat\/es\/wp-json\/wp\/v2\/pages\/73\/revisions"}],"predecessor-version":[{"id":1317,"href":"https:\/\/avc.cat\/es\/wp-json\/wp\/v2\/pages\/73\/revisions\/1317"}],"wp:attachment":[{"href":"https:\/\/avc.cat\/es\/wp-json\/wp\/v2\/media?parent=73"}],"curies":[{"name":"wp","href":"https:\/\/api.w.org\/{rel}","templated":true}]}}