{"id":70,"date":"2025-05-07T11:01:07","date_gmt":"2025-05-07T09:01:07","guid":{"rendered":"https:\/\/avc.cat\/historia-i-objectius\/"},"modified":"2025-11-10T09:02:41","modified_gmt":"2025-11-10T08:02:41","slug":"historia-y-objetivos","status":"publish","type":"page","link":"https:\/\/avc.cat\/es\/historia-y-objetivos\/","title":{"rendered":"Historia y objetivos"},"content":{"rendered":"\t\t<div data-elementor-type=\"wp-page\" data-elementor-id=\"70\" class=\"elementor elementor-70 elementor-68\" data-elementor-post-type=\"page\">\n\t\t\t\t<div class=\"elementor-element elementor-element-f22ef92 e-flex e-con-boxed e-con e-parent\" data-id=\"f22ef92\" data-element_type=\"container\" data-settings=\"{&quot;background_background&quot;:&quot;classic&quot;}\">\n\t\t\t\t\t<div class=\"e-con-inner\">\n\t\t\t\t<div class=\"elementor-element elementor-element-8460365 elementor-widget elementor-widget-heading\" data-id=\"8460365\" data-element_type=\"widget\" data-widget_type=\"heading.default\">\n\t\t\t\t<div class=\"elementor-widget-container\">\n\t\t\t\t\t<h2 class=\"elementor-heading-title elementor-size-default\">HISTORIA Y OBJETIVOS<\/h2>\t\t\t\t<\/div>\n\t\t\t\t<\/div>\n\t\t\t\t\t<\/div>\n\t\t\t\t<\/div>\n\t\t<div class=\"elementor-element elementor-element-0ddc18f e-flex e-con-boxed e-con e-parent\" data-id=\"0ddc18f\" data-element_type=\"container\">\n\t\t\t\t\t<div class=\"e-con-inner\">\n\t\t\t\t<div class=\"elementor-element elementor-element-b7bd008 elementor-widget elementor-widget-heading\" data-id=\"b7bd008\" data-element_type=\"widget\" data-widget_type=\"heading.default\">\n\t\t\t\t<div class=\"elementor-widget-container\">\n\t\t\t\t\t<h2 class=\"elementor-heading-title elementor-size-default\">Breve historia<\/h2>\t\t\t\t<\/div>\n\t\t\t\t<\/div>\n\t\t\t\t<div class=\"elementor-element elementor-element-2599601 elementor-widget elementor-widget-text-editor\" data-id=\"2599601\" data-element_type=\"widget\" data-widget_type=\"text-editor.default\">\n\t\t\t\t<div class=\"elementor-widget-container\">\n\t\t\t\t\t\t\t\t\t<p>En 1910 se crea la Asociaci\u00f3n de Almacenistas y Exportadores de Vinos de Barcelona, embri\u00f3n de lo que es actualmente la Associaci\u00f3 Vin\u00edcola Catalana.<\/p>\n<p>Cien a\u00f1os en los que se ha trabajado desde las dos patronales del vino en la defensa de los intereses de sus empresas asociadas, formando parte de la memoria social, econ\u00f3mica y cultural de la sociedad catalana.<\/p>\n<p>En el a\u00f1o 2010, UVIPE creada a partir del \u00abSindicato de Exportadores de Vinos de Vilafranca del Pened\u00e8s\u00bb que en el a\u00f1o 1977 se convierte en la Uni\u00f3n Vin\u00edcola del Pened\u00e8s, y la Associaci\u00f3 Vin\u00edcola Catalana se unifican y trabajan de forma unilateral para fortalecer la representatividad del sector y los servicios que se ofrecen a las bodegas catalanas.<\/p>\n<p>Actualmente contamos con 157 Firmas adheridas. De las cuales 106 pertenecen a la provincia de Barcelona, 31 a Tarragona, 12 a Girona y 8 a Lleida.<\/p>\n<p>El grupo m\u00e1s importante es el de elaboradores y\/o embotelladores de vinos tranquilos, el cual representa el 85% de la comercializaci\u00f3n total de vino catal\u00e1n. Con un potencial de 87 millones de botellas de vino tranquilo, de las cuales el 43% van a exportaci\u00f3n y el resto a mercado interior.<\/p>\n<p>Dada la variada idiosincrasia del tipo y volumen de las Empresas se han creado dentro de la Asociaci\u00f3n diferentes grupos: Grupo UVIPE, Grupo de Vinos Ecol\u00f3gicos y el Grupo de Elaboradores de Vinos de Vino Base (no embotelladores).<\/p>\n<p>Asimismo hay constituidas 4 Comisiones de trabajo: Marketing, Dinamizaci\u00f3n Internacional, Jur\u00eddico\/Econ\u00f3mica y T\u00e9cnica.<\/p>\t\t\t\t\t\t\t\t<\/div>\n\t\t\t\t<\/div>\n\t\t\t\t\t<\/div>\n\t\t\t\t<\/div>\n\t\t<div class=\"elementor-element elementor-element-a6d085a e-flex e-con-boxed e-con e-parent\" data-id=\"a6d085a\" data-element_type=\"container\">\n\t\t\t\t\t<div class=\"e-con-inner\">\n\t\t\t\t<div class=\"elementor-element elementor-element-df5721b elementor-widget elementor-widget-heading\" data-id=\"df5721b\" data-element_type=\"widget\" data-widget_type=\"heading.default\">\n\t\t\t\t<div class=\"elementor-widget-container\">\n\t\t\t\t\t<h2 class=\"elementor-heading-title elementor-size-default\">Objetivos<\/h2>\t\t\t\t<\/div>\n\t\t\t\t<\/div>\n\t\t\t\t<div class=\"elementor-element elementor-element-07b7616 elementor-widget elementor-widget-text-editor\" data-id=\"07b7616\" data-element_type=\"widget\" data-widget_type=\"text-editor.default\">\n\t\t\t\t<div class=\"elementor-widget-container\">\n\t\t\t\t\t\t\t\t\t<p>Los objetivos principales de nuestra Asociaci\u00f3n son la defensa, gesti\u00f3n, representaci\u00f3n y fomento de los intereses econ\u00f3micos &#8211; sociales y profesionales comunes a los miembros adheridos.<\/p>\n<p>El \u00e1mbito territorial de la AVC abarca todo el territorio catal\u00e1n.<\/p>\n<p>Tenemos representatividad en la totalidad de organismos locales, comarcales y auton\u00f3micos, especialmente en los relacionados con la rama vitivin\u00edcola, al tiempo que colaboramos directamente con otros de \u00e1mbito estatal.<\/p>\n<p>Nuestro reto es el de ofrecer a los afiliados unos servicios adecuados y objetivos que se ajusten a las necesidades reales de las Pymes.<\/p>\n<p>En este sentido, canalizamos consultas fiscales y laborales por medio de nuestro gabinete jur\u00eddico, al tiempo que trasladamos puntualmente, v\u00eda Internet, informaci\u00f3n directa relacionada con todo tipo de reglamentaci\u00f3n, subvenciones, estudios y ferias, entre otros, destac\u00e1ndose la informaci\u00f3n diaria de todas las noticias sectoriales aparecidas en los medios de comunicaci\u00f3n, especialmente las relacionadas con el vino.<\/p>\n<p>Actuamos como negociadores de acuerdos y convenios de \u00e1mbito sectorial territorial, laboral, formativo y de servicios.<\/p>\t\t\t\t\t\t\t\t<\/div>\n\t\t\t\t<\/div>\n\t\t\t\t\t<\/div>\n\t\t\t\t<\/div>\n\t\t<div class=\"elementor-element elementor-element-4f5fff2 e-flex e-con-boxed e-con e-parent\" data-id=\"4f5fff2\" data-element_type=\"container\">\n\t\t\t\t\t<div class=\"e-con-inner\">\n\t\t\t\t\t<\/div>\n\t\t\t\t<\/div>\n\t\t\t\t<\/div>\n\t\t","protected":false},"excerpt":{"rendered":"<p>HISTORIA Y OBJETIVOS Breve historia En 1910 se crea la Asociaci\u00f3n de Almacenistas y Exportadores de Vinos de Barcelona, embri\u00f3n de lo que es actualmente la Associaci\u00f3 Vin\u00edcola Catalana. Cien a\u00f1os en los que se ha trabajado desde las dos patronales del vino en la defensa de los intereses de sus empresas asociadas, formando parte [&hellip;]<\/p>\n","protected":false},"author":1,"featured_media":0,"parent":0,"menu_order":3,"comment_status":"closed","ping_status":"closed","template":"","meta":{"_acf_changed":false,"footnotes":""},"class_list":["post-70","page","type-page","status-publish","hentry"],"acf":[],"_links":{"self":[{"href":"https:\/\/avc.cat\/es\/wp-json\/wp\/v2\/pages\/70","targetHints":{"allow":["GET"]}}],"collection":[{"href":"https:\/\/avc.cat\/es\/wp-json\/wp\/v2\/pages"}],"about":[{"href":"https:\/\/avc.cat\/es\/wp-json\/wp\/v2\/types\/page"}],"author":[{"embeddable":true,"href":"https:\/\/avc.cat\/es\/wp-json\/wp\/v2\/users\/1"}],"replies":[{"embeddable":true,"href":"https:\/\/avc.cat\/es\/wp-json\/wp\/v2\/comments?post=70"}],"version-history":[{"count":23,"href":"https:\/\/avc.cat\/es\/wp-json\/wp\/v2\/pages\/70\/revisions"}],"predecessor-version":[{"id":1307,"href":"https:\/\/avc.cat\/es\/wp-json\/wp\/v2\/pages\/70\/revisions\/1307"}],"wp:attachment":[{"href":"https:\/\/avc.cat\/es\/wp-json\/wp\/v2\/media?parent=70"}],"curies":[{"name":"wp","href":"https:\/\/api.w.org\/{rel}","templated":true}]}}