{"id":38,"date":"2025-05-07T10:34:00","date_gmt":"2025-05-07T08:34:00","guid":{"rendered":"https:\/\/avc.cat\/serveis\/"},"modified":"2026-03-20T17:46:18","modified_gmt":"2026-03-20T16:46:18","slug":"servicios","status":"publish","type":"page","link":"https:\/\/avc.cat\/es\/servicios\/","title":{"rendered":"Servicios"},"content":{"rendered":"\t\t<div data-elementor-type=\"wp-page\" data-elementor-id=\"38\" class=\"elementor elementor-38 elementor-36\" data-elementor-post-type=\"page\">\n\t\t\t\t<div class=\"elementor-element elementor-element-e047ea0 e-flex e-con-boxed e-con e-parent\" data-id=\"e047ea0\" data-element_type=\"container\" data-settings=\"{&quot;background_background&quot;:&quot;classic&quot;}\">\n\t\t\t\t\t<div class=\"e-con-inner\">\n\t\t\t\t<div class=\"elementor-element elementor-element-61b0dd5 elementor-widget elementor-widget-heading\" data-id=\"61b0dd5\" data-element_type=\"widget\" data-widget_type=\"heading.default\">\n\t\t\t\t<div class=\"elementor-widget-container\">\n\t\t\t\t\t<h2 class=\"elementor-heading-title elementor-size-default\">SERVICIOS DE LA AVC<\/h2>\t\t\t\t<\/div>\n\t\t\t\t<\/div>\n\t\t\t\t\t<\/div>\n\t\t\t\t<\/div>\n\t\t<div class=\"elementor-element elementor-element-79b8fdc e-flex e-con-boxed e-con e-parent\" data-id=\"79b8fdc\" data-element_type=\"container\">\n\t\t\t\t\t<div class=\"e-con-inner\">\n\t\t\t\t<div class=\"elementor-element elementor-element-8858b2b elementor-widget elementor-widget-heading\" data-id=\"8858b2b\" data-element_type=\"widget\" data-widget_type=\"heading.default\">\n\t\t\t\t<div class=\"elementor-widget-container\">\n\t\t\t\t\t<h2 class=\"elementor-heading-title elementor-size-default\">Servicios para los asociados<\/h2>\t\t\t\t<\/div>\n\t\t\t\t<\/div>\n\t\t\t\t<div class=\"elementor-element elementor-element-2b630de elementor-widget elementor-widget-text-editor\" data-id=\"2b630de\" data-element_type=\"widget\" data-widget_type=\"text-editor.default\">\n\t\t\t\t<div class=\"elementor-widget-container\">\n\t\t\t\t\t\t\t\t\t<strong>Defensa de los Intereses de los asociados<\/strong><br>Actuamos como lobby vit\u00edcola ante la administraci\u00f3n.<br><br><strong>Informaci\u00f3n y comunicaci\u00f3n<\/strong><br>Sobre bases de datos, ferias, estudios de mercado, &#8230; y diferentes temas de inter\u00e9s y actualidad para las empresas asociadas.<br>Noticias del sector: recopilaci\u00f3n diaria de las noticias m\u00e1s interesantes mediante el seguimiento en los buscadores de Internet y diversas webs.<br>Circulares informativas: Informativo peri\u00f3dico en el que se especifican las novedades legislativas, estudios de mercado, formaci\u00f3n, fichas pa\u00eds con resumen de los requisitos necesarios para exportar, base de datos de actividades y eventos sectoriales, base de datos de ferias agroalimentarias, etc.<br><br><strong>Asesoramiento<\/strong><br>Disponemos de un servicio propio de asesoramiento sobre todo tipo de consultas relacionadas con temas laborales, comercio internacional, vin\u00edcola, vit\u00edcola, &#8230;<br><br><strong>Formaci\u00f3n<\/strong><br>Programamos Cursos de Ingl\u00e9s Vitivin\u00edcola, de Documentaci\u00f3n y Anotaciones Vitivin\u00edcolas, Pr\u00e1ctico de Impuestos Especiales y damos apoyo al Postgrado en Direcci\u00f3n y Gesti\u00f3n de empresas vitivin\u00edcolas, &#8230;<br><br><strong>Negociaci\u00f3n de Convenios Laborales<\/strong><br>Coordinamos la negociaci\u00f3n de los Convenios Laborales:<br>1.- para las industrias vin\u00edcolas de la Provincia de Barcelona<br>2.- para las industrias vin\u00edcolas de Vilafranca del Pened\u00e8s<br>3.- para las industrias vin\u00edcolas de la Provincia de Tarragona<br><br><strong>Promoci\u00f3n interior<\/strong><br>Organizamos eventos de car\u00e1cter general para el conjunto de los vinos catalanes, como por ejemplo el CARTAVI&#8230;<br><br><strong>Promoci\u00f3n exterior<\/strong><br>Promovemos acciones en el exterior, como el CARTAVI Internacional, misiones empresariales e inversas. Coordinamos el env\u00edo agrupado de muestras a los principales concursos internacionales&#8230;<br><br><strong>Bases de datos<\/strong><br>Disponemos de una amplia base de datos de ferias internacionales as\u00ed como de diversas actividades de inter\u00e9s para las empresas asociadas&#8230;<br><br><strong>Ayudas<\/strong><br>Facilitamos informaci\u00f3n sobre ayudas y subvenciones mediante nuestros contactos con diferentes departamentos de la administraci\u00f3n y con diversas consultor\u00edas especializadas<br><br><strong>Estudios, informes y estad\u00edsticas<\/strong><br>Entregamos de forma gratuita INFORMES, ESTUDIOS y ESTAD\u00cdSTICAS sectoriales. Muchos de estos informes tienen un coste econ\u00f3mico, que las empresas Asociadas, gracias a los acuerdos especialmente con el OeMv, pueden disfrutar gratuitamente solicit\u00e1ndonos el env\u00edo oportuno.\t\t\t\t\t\t\t\t<\/div>\n\t\t\t\t<\/div>\n\t\t\t\t\t<\/div>\n\t\t\t\t<\/div>\n\t\t\t\t<\/div>\n\t\t","protected":false},"excerpt":{"rendered":"<p>SERVICIOS DE LA AVC Servicios para los asociados Defensa de los Intereses de los asociadosActuamos como lobby vit\u00edcola ante la administraci\u00f3n. Informaci\u00f3n y comunicaci\u00f3nSobre bases de datos, ferias, estudios de mercado, &#8230; y diferentes temas de inter\u00e9s y actualidad para las empresas asociadas.Noticias del sector: recopilaci\u00f3n diaria de las noticias m\u00e1s interesantes mediante el seguimiento [&hellip;]<\/p>\n","protected":false},"author":1,"featured_media":0,"parent":0,"menu_order":7,"comment_status":"closed","ping_status":"closed","template":"","meta":{"_acf_changed":false,"footnotes":""},"class_list":["post-38","page","type-page","status-publish","hentry"],"acf":[],"_links":{"self":[{"href":"https:\/\/avc.cat\/es\/wp-json\/wp\/v2\/pages\/38","targetHints":{"allow":["GET"]}}],"collection":[{"href":"https:\/\/avc.cat\/es\/wp-json\/wp\/v2\/pages"}],"about":[{"href":"https:\/\/avc.cat\/es\/wp-json\/wp\/v2\/types\/page"}],"author":[{"embeddable":true,"href":"https:\/\/avc.cat\/es\/wp-json\/wp\/v2\/users\/1"}],"replies":[{"embeddable":true,"href":"https:\/\/avc.cat\/es\/wp-json\/wp\/v2\/comments?post=38"}],"version-history":[{"count":17,"href":"https:\/\/avc.cat\/es\/wp-json\/wp\/v2\/pages\/38\/revisions"}],"predecessor-version":[{"id":1553,"href":"https:\/\/avc.cat\/es\/wp-json\/wp\/v2\/pages\/38\/revisions\/1553"}],"wp:attachment":[{"href":"https:\/\/avc.cat\/es\/wp-json\/wp\/v2\/media?parent=38"}],"curies":[{"name":"wp","href":"https:\/\/api.w.org\/{rel}","templated":true}]}}